{"id":113,"date":"2025-05-12T20:43:14","date_gmt":"2025-05-12T18:43:14","guid":{"rendered":"https:\/\/saranoel.fr\/?page_id=113"},"modified":"2026-03-02T16:29:33","modified_gmt":"2026-03-02T15:29:33","slug":"a-propos","status":"publish","type":"page","link":"https:\/\/saranoel.fr\/index.php\/a-propos\/","title":{"rendered":"A propos"},"content":{"rendered":"\n<div class=\"wp-block-columns is-layout-flex wp-container-core-columns-is-layout-9d6595d7 wp-block-columns-is-layout-flex\">\n<div class=\"wp-block-column is-layout-flow wp-block-column-is-layout-flow\">\n<p>Apr\u00e8s plus de 10 ans \u00e0 prendre soin des mannequins, photographes, c\u00e9l\u00e9brit\u00e9s, coiffeurs, maquilleurs et \u00e9quipes technique sur des plateaux photo et vid\u00e9o en tant que productrice, j&#8217;ai d\u00e9cid\u00e9 de me concentrer sur votre bien \u00eatre physique et mental dans le magnifique d\u00e9cor de mon enfance, l&#8217;H\u00e9rault, en tant que praticienne en sant\u00e9 naturelle.<\/p>\n<\/div>\n\n\n\n<div class=\"wp-block-column is-layout-flow wp-block-column-is-layout-flow\">\n<figure class=\"wp-block-gallery has-nested-images columns-default is-cropped wp-block-gallery-1 is-layout-flex wp-block-gallery-is-layout-flex\">\n<figure class=\"wp-block-image size-large\"><img loading=\"lazy\" decoding=\"async\" width=\"305\" height=\"406\" data-id=\"118\" src=\"https:\/\/saranoel.fr\/wp-content\/uploads\/2025\/05\/Screen-Shot-2025-05-15-at-11.00.38.png\" alt=\"\" class=\"wp-image-118\" srcset=\"https:\/\/saranoel.fr\/wp-content\/uploads\/2025\/05\/Screen-Shot-2025-05-15-at-11.00.38.png 305w, https:\/\/saranoel.fr\/wp-content\/uploads\/2025\/05\/Screen-Shot-2025-05-15-at-11.00.38-225x300.png 225w\" sizes=\"auto, (max-width: 305px) 100vw, 305px\" \/><\/figure>\n\n\n\n<figure class=\"wp-block-image size-large\"><img loading=\"lazy\" decoding=\"async\" width=\"303\" height=\"403\" data-id=\"119\" src=\"https:\/\/saranoel.fr\/wp-content\/uploads\/2025\/05\/Screen-Shot-2025-05-15-at-10.56.08.png\" alt=\"\" class=\"wp-image-119\" srcset=\"https:\/\/saranoel.fr\/wp-content\/uploads\/2025\/05\/Screen-Shot-2025-05-15-at-10.56.08.png 303w, https:\/\/saranoel.fr\/wp-content\/uploads\/2025\/05\/Screen-Shot-2025-05-15-at-10.56.08-226x300.png 226w\" sizes=\"auto, (max-width: 303px) 100vw, 303px\" \/><\/figure>\n\n\n\n<figure class=\"wp-block-image size-large\"><img loading=\"lazy\" decoding=\"async\" width=\"305\" height=\"409\" data-id=\"120\" src=\"https:\/\/saranoel.fr\/wp-content\/uploads\/2025\/05\/Screen-Shot-2025-05-15-at-10.53.45.png\" alt=\"\" class=\"wp-image-120\" srcset=\"https:\/\/saranoel.fr\/wp-content\/uploads\/2025\/05\/Screen-Shot-2025-05-15-at-10.53.45.png 305w, https:\/\/saranoel.fr\/wp-content\/uploads\/2025\/05\/Screen-Shot-2025-05-15-at-10.53.45-224x300.png 224w\" sizes=\"auto, (max-width: 305px) 100vw, 305px\" \/><\/figure>\n<\/figure>\n<\/div>\n<\/div>\n\n\n\n<div class=\"wp-block-columns is-layout-flex wp-container-core-columns-is-layout-9d6595d7 wp-block-columns-is-layout-flex\">\n<div class=\"wp-block-column is-layout-flow wp-block-column-is-layout-flow\" style=\"flex-basis:33.33%\">\n<figure class=\"wp-block-image size-full\"><a href=\"https:\/\/ecole-imderplam.com\/\"><img loading=\"lazy\" decoding=\"async\" width=\"243\" height=\"77\" src=\"https:\/\/saranoel.fr\/wp-content\/uploads\/2025\/05\/Screen-Shot-2025-05-15-at-11.15.16.png\" alt=\"\" class=\"wp-image-128\"\/><\/a><\/figure>\n<\/div>\n\n\n\n<div class=\"wp-block-column is-layout-flow wp-block-column-is-layout-flow\" style=\"flex-basis:66.66%\">\n<p>Je me suis form\u00e9e \u00e0 IMDERPLAM, \u00e9cole que j&#8217;ai choisie pour la qualit\u00e9 de ses enseignants, tous professionnels actifs sur le terrain et leur choix de nous enseigner les plantes locales. La cerise sur le g\u00e2teau de cette \u00e9cole est l&#8217;enseignement de la M\u00e9decine Traditionnelle Chinoise.<\/p>\n<\/div>\n<\/div>\n\n\n\n<div class=\"wp-block-columns is-layout-flex wp-container-core-columns-is-layout-9d6595d7 wp-block-columns-is-layout-flex\">\n<div class=\"wp-block-column is-layout-flow wp-block-column-is-layout-flow\">\n<p>J&#8217;utilise donc le savoir centenaire des liens entre organes, organes et \u00e9motions, organes et terrain de la m\u00e9decine traditionnelle chinoise pour \u00e9valuer votre situation, puis j&#8217;utilise la nutrition et des plantes locales et largement disponibles pour vous r\u00e9\u00e9quilibrer en douceur.<\/p>\n<\/div>\n\n\n\n<div class=\"wp-block-column is-layout-flow wp-block-column-is-layout-flow\">\n<figure class=\"wp-block-gallery has-nested-images columns-default is-cropped wp-block-gallery-2 is-layout-flex wp-block-gallery-is-layout-flex\">\n<figure class=\"wp-block-image size-large\"><img loading=\"lazy\" decoding=\"async\" width=\"350\" height=\"250\" data-id=\"132\" src=\"https:\/\/saranoel.fr\/wp-content\/uploads\/2025\/05\/Screen-Shot-2025-05-15-at-11.38.02.png\" alt=\"\" class=\"wp-image-132\" srcset=\"https:\/\/saranoel.fr\/wp-content\/uploads\/2025\/05\/Screen-Shot-2025-05-15-at-11.38.02.png 350w, https:\/\/saranoel.fr\/wp-content\/uploads\/2025\/05\/Screen-Shot-2025-05-15-at-11.38.02-300x214.png 300w\" sizes=\"auto, (max-width: 350px) 100vw, 350px\" \/><\/figure>\n\n\n\n<figure class=\"wp-block-image size-large\"><img loading=\"lazy\" decoding=\"async\" width=\"683\" height=\"1024\" data-id=\"130\" src=\"https:\/\/saranoel.fr\/wp-content\/uploads\/2025\/05\/hello-aesthe-NoaF6Un_7ns-unsplash-683x1024.jpg\" alt=\"\" class=\"wp-image-130\" srcset=\"https:\/\/saranoel.fr\/wp-content\/uploads\/2025\/05\/hello-aesthe-NoaF6Un_7ns-unsplash-683x1024.jpg 683w, https:\/\/saranoel.fr\/wp-content\/uploads\/2025\/05\/hello-aesthe-NoaF6Un_7ns-unsplash-200x300.jpg 200w, https:\/\/saranoel.fr\/wp-content\/uploads\/2025\/05\/hello-aesthe-NoaF6Un_7ns-unsplash-768x1152.jpg 768w, https:\/\/saranoel.fr\/wp-content\/uploads\/2025\/05\/hello-aesthe-NoaF6Un_7ns-unsplash-1024x1536.jpg 1024w, https:\/\/saranoel.fr\/wp-content\/uploads\/2025\/05\/hello-aesthe-NoaF6Un_7ns-unsplash-1365x2048.jpg 1365w, https:\/\/saranoel.fr\/wp-content\/uploads\/2025\/05\/hello-aesthe-NoaF6Un_7ns-unsplash-1140x1710.jpg 1140w, https:\/\/saranoel.fr\/wp-content\/uploads\/2025\/05\/hello-aesthe-NoaF6Un_7ns-unsplash-scaled.jpg 1707w\" sizes=\"auto, (max-width: 683px) 100vw, 683px\" \/><\/figure>\n\n\n\n<figure class=\"wp-block-image size-large\"><img loading=\"lazy\" decoding=\"async\" width=\"683\" height=\"1024\" data-id=\"133\" src=\"https:\/\/saranoel.fr\/wp-content\/uploads\/2025\/05\/tony-litvyak-sxTsnJBThWg-unsplash-683x1024.jpg\" alt=\"\" class=\"wp-image-133\" srcset=\"https:\/\/saranoel.fr\/wp-content\/uploads\/2025\/05\/tony-litvyak-sxTsnJBThWg-unsplash-683x1024.jpg 683w, https:\/\/saranoel.fr\/wp-content\/uploads\/2025\/05\/tony-litvyak-sxTsnJBThWg-unsplash-200x300.jpg 200w, https:\/\/saranoel.fr\/wp-content\/uploads\/2025\/05\/tony-litvyak-sxTsnJBThWg-unsplash-768x1152.jpg 768w, https:\/\/saranoel.fr\/wp-content\/uploads\/2025\/05\/tony-litvyak-sxTsnJBThWg-unsplash-1024x1536.jpg 1024w, https:\/\/saranoel.fr\/wp-content\/uploads\/2025\/05\/tony-litvyak-sxTsnJBThWg-unsplash-1365x2048.jpg 1365w, https:\/\/saranoel.fr\/wp-content\/uploads\/2025\/05\/tony-litvyak-sxTsnJBThWg-unsplash-1140x1710.jpg 1140w, https:\/\/saranoel.fr\/wp-content\/uploads\/2025\/05\/tony-litvyak-sxTsnJBThWg-unsplash-scaled.jpg 1707w\" sizes=\"auto, (max-width: 683px) 100vw, 683px\" \/><\/figure>\n<\/figure>\n<\/div>\n<\/div>\n","protected":false},"excerpt":{"rendered":"<p>Apr\u00e8s plus de 10 ans \u00e0 prendre soin des mannequins, photographes, c\u00e9l\u00e9brit\u00e9s, coiffeurs, maquilleurs et \u00e9quipes technique sur des plateaux photo et vid\u00e9o en tant que productrice, j&#8217;ai d\u00e9cid\u00e9 de me concentrer sur votre bien \u00eatre physique et mental dans le magnifique d\u00e9cor de mon enfance, l&#8217;H\u00e9rault, en tant que praticienne en sant\u00e9 naturelle. Je me suis form\u00e9e \u00e0 IMDERPLAM, \u00e9cole que j&#8217;ai choisie pour la qualit\u00e9 de ses enseignants, tous professionnels actifs sur le terrain et leur choix de nous enseigner les plantes locales. La cerise sur le g\u00e2teau de cette \u00e9cole est l&#8217;enseignement de la M\u00e9decine Traditionnelle Chinoise. J&#8217;utilise donc le savoir centenaire des liens entre organes, organes et \u00e9motions, organes et terrain de la m\u00e9decine traditionnelle chinoise pour \u00e9valuer votre situation, puis j&#8217;utilise la nutrition et des plantes locales et largement disponibles pour vous r\u00e9\u00e9quilibrer en douceur.<\/p>\n","protected":false},"author":1,"featured_media":0,"parent":0,"menu_order":0,"comment_status":"closed","ping_status":"closed","template":"","meta":{"footnotes":""},"class_list":["post-113","page","type-page","status-publish","hentry"],"_links":{"self":[{"href":"https:\/\/saranoel.fr\/index.php\/wp-json\/wp\/v2\/pages\/113","targetHints":{"allow":["GET"]}}],"collection":[{"href":"https:\/\/saranoel.fr\/index.php\/wp-json\/wp\/v2\/pages"}],"about":[{"href":"https:\/\/saranoel.fr\/index.php\/wp-json\/wp\/v2\/types\/page"}],"author":[{"embeddable":true,"href":"https:\/\/saranoel.fr\/index.php\/wp-json\/wp\/v2\/users\/1"}],"replies":[{"embeddable":true,"href":"https:\/\/saranoel.fr\/index.php\/wp-json\/wp\/v2\/comments?post=113"}],"version-history":[{"count":9,"href":"https:\/\/saranoel.fr\/index.php\/wp-json\/wp\/v2\/pages\/113\/revisions"}],"predecessor-version":[{"id":152,"href":"https:\/\/saranoel.fr\/index.php\/wp-json\/wp\/v2\/pages\/113\/revisions\/152"}],"wp:attachment":[{"href":"https:\/\/saranoel.fr\/index.php\/wp-json\/wp\/v2\/media?parent=113"}],"curies":[{"name":"wp","href":"https:\/\/api.w.org\/{rel}","templated":true}]}}