{"id":137,"date":"2025-06-10T14:28:31","date_gmt":"2025-06-10T12:28:31","guid":{"rendered":"https:\/\/saranoel.fr\/?page_id=137"},"modified":"2025-06-10T14:37:33","modified_gmt":"2025-06-10T12:37:33","slug":"on-en-parle","status":"publish","type":"page","link":"https:\/\/saranoel.fr\/index.php\/on-en-parle\/","title":{"rendered":"On en parle"},"content":{"rendered":"\n<div class=\"wp-block-columns is-layout-flex wp-container-core-columns-is-layout-9d6595d7 wp-block-columns-is-layout-flex\">\n<div class=\"wp-block-column is-layout-flow wp-block-column-is-layout-flow\" style=\"flex-basis:66.66%\">\n<figure class=\"wp-block-image size-large\"><img loading=\"lazy\" decoding=\"async\" width=\"1024\" height=\"768\" src=\"https:\/\/saranoel.fr\/wp-content\/uploads\/2025\/06\/WhatsApp-Image-2025-06-10-at-14.34.34-1024x768.jpeg\" alt=\"\" class=\"wp-image-143\" srcset=\"https:\/\/saranoel.fr\/wp-content\/uploads\/2025\/06\/WhatsApp-Image-2025-06-10-at-14.34.34-1024x768.jpeg 1024w, https:\/\/saranoel.fr\/wp-content\/uploads\/2025\/06\/WhatsApp-Image-2025-06-10-at-14.34.34-300x225.jpeg 300w, https:\/\/saranoel.fr\/wp-content\/uploads\/2025\/06\/WhatsApp-Image-2025-06-10-at-14.34.34-768x576.jpeg 768w, https:\/\/saranoel.fr\/wp-content\/uploads\/2025\/06\/WhatsApp-Image-2025-06-10-at-14.34.34-1536x1152.jpeg 1536w, https:\/\/saranoel.fr\/wp-content\/uploads\/2025\/06\/WhatsApp-Image-2025-06-10-at-14.34.34-1140x855.jpeg 1140w, https:\/\/saranoel.fr\/wp-content\/uploads\/2025\/06\/WhatsApp-Image-2025-06-10-at-14.34.34.jpeg 1600w\" sizes=\"auto, (max-width: 1024px) 100vw, 1024px\" \/><\/figure>\n<\/div>\n\n\n\n<div class=\"wp-block-column is-layout-flow wp-block-column-is-layout-flow\" style=\"flex-basis:33.33%\">\n<p>Le jour ou Christel et Ange m&#8217;ont invit\u00e9e avec Paola pour parler des plantes m\u00e9dicinales sur Radio Pays d&#8217;H\u00e9rault. Podcast <a href=\"https:\/\/www.rphfm.org\/bien-dans-sa-peau-bien-dans-sa-tete-les-plantes-ces-amies-qui-nous-veulent-du-bien\/\">ici<\/a><\/p>\n\n\n\n<figure class=\"wp-block-image size-full\"><img loading=\"lazy\" decoding=\"async\" width=\"347\" height=\"299\" src=\"http:\/\/saranoel.fr\/wp-content\/uploads\/2025\/06\/Sans-titre-2.jpeg\" alt=\"\" class=\"wp-image-138\" srcset=\"https:\/\/saranoel.fr\/wp-content\/uploads\/2025\/06\/Sans-titre-2.jpeg 347w, https:\/\/saranoel.fr\/wp-content\/uploads\/2025\/06\/Sans-titre-2-300x259.jpeg 300w\" sizes=\"auto, (max-width: 347px) 100vw, 347px\" \/><\/figure>\n<\/div>\n<\/div>\n\n\n\n<p><\/p>\n\n\n\n<p><\/p>\n","protected":false},"excerpt":{"rendered":"<p>Le jour ou Christel et Ange m&#8217;ont invit\u00e9e avec Paola pour parler des plantes m\u00e9dicinales sur Radio Pays d&#8217;H\u00e9rault. Podcast ici<\/p>\n","protected":false},"author":1,"featured_media":0,"parent":0,"menu_order":0,"comment_status":"closed","ping_status":"closed","template":"","meta":{"footnotes":""},"class_list":["post-137","page","type-page","status-publish","hentry"],"_links":{"self":[{"href":"https:\/\/saranoel.fr\/index.php\/wp-json\/wp\/v2\/pages\/137","targetHints":{"allow":["GET"]}}],"collection":[{"href":"https:\/\/saranoel.fr\/index.php\/wp-json\/wp\/v2\/pages"}],"about":[{"href":"https:\/\/saranoel.fr\/index.php\/wp-json\/wp\/v2\/types\/page"}],"author":[{"embeddable":true,"href":"https:\/\/saranoel.fr\/index.php\/wp-json\/wp\/v2\/users\/1"}],"replies":[{"embeddable":true,"href":"https:\/\/saranoel.fr\/index.php\/wp-json\/wp\/v2\/comments?post=137"}],"version-history":[{"count":4,"href":"https:\/\/saranoel.fr\/index.php\/wp-json\/wp\/v2\/pages\/137\/revisions"}],"predecessor-version":[{"id":144,"href":"https:\/\/saranoel.fr\/index.php\/wp-json\/wp\/v2\/pages\/137\/revisions\/144"}],"wp:attachment":[{"href":"https:\/\/saranoel.fr\/index.php\/wp-json\/wp\/v2\/media?parent=137"}],"curies":[{"name":"wp","href":"https:\/\/api.w.org\/{rel}","templated":true}]}}