{"id":79,"date":"2025-05-11T22:36:06","date_gmt":"2025-05-11T20:36:06","guid":{"rendered":"https:\/\/saranoel.fr\/?page_id=79"},"modified":"2026-03-02T16:26:51","modified_gmt":"2026-03-02T15:26:51","slug":"ou-me-trouver","status":"publish","type":"page","link":"https:\/\/saranoel.fr\/index.php\/ou-me-trouver\/","title":{"rendered":"O\u00f9 me trouver"},"content":{"rendered":"\n<div class=\"wp-block-columns is-layout-flex wp-container-core-columns-is-layout-9d6595d7 wp-block-columns-is-layout-flex\">\n<div class=\"wp-block-column is-layout-flow wp-block-column-is-layout-flow\">\n<p class=\"has-text-align-left\">Chez vous!<\/p>\n\n\n\n<p>En rdv \u00e0 domicile ou en visio.<\/p>\n\n\n\n<p>Possibilit\u00e9 de me d\u00e9placer aux alentours de Clermont-l&#8217;H\u00e9rault, Gignac.<\/p>\n<\/div>\n\n\n\n<div class=\"wp-block-column is-layout-flow wp-block-column-is-layout-flow\">\n<figure class=\"wp-block-image size-large\"><img loading=\"lazy\" decoding=\"async\" width=\"1024\" height=\"640\" src=\"http:\/\/saranoel.fr\/wp-content\/uploads\/2025\/05\/ali-kazal-UU69D-_nwPI-unsplash-1024x640.jpg\" alt=\"\" class=\"wp-image-64\" srcset=\"https:\/\/saranoel.fr\/wp-content\/uploads\/2025\/05\/ali-kazal-UU69D-_nwPI-unsplash-1024x640.jpg 1024w, https:\/\/saranoel.fr\/wp-content\/uploads\/2025\/05\/ali-kazal-UU69D-_nwPI-unsplash-300x188.jpg 300w, https:\/\/saranoel.fr\/wp-content\/uploads\/2025\/05\/ali-kazal-UU69D-_nwPI-unsplash-768x480.jpg 768w, https:\/\/saranoel.fr\/wp-content\/uploads\/2025\/05\/ali-kazal-UU69D-_nwPI-unsplash-1536x960.jpg 1536w, https:\/\/saranoel.fr\/wp-content\/uploads\/2025\/05\/ali-kazal-UU69D-_nwPI-unsplash-2048x1280.jpg 2048w, https:\/\/saranoel.fr\/wp-content\/uploads\/2025\/05\/ali-kazal-UU69D-_nwPI-unsplash-1140x713.jpg 1140w\" sizes=\"auto, (max-width: 1024px) 100vw, 1024px\" \/><\/figure>\n<\/div>\n<\/div>\n","protected":false},"excerpt":{"rendered":"<p>Chez vous! En rdv \u00e0 domicile ou en visio. Possibilit\u00e9 de me d\u00e9placer aux alentours de Clermont-l&#8217;H\u00e9rault, Gignac.<\/p>\n","protected":false},"author":1,"featured_media":0,"parent":0,"menu_order":0,"comment_status":"closed","ping_status":"closed","template":"","meta":{"footnotes":""},"class_list":["post-79","page","type-page","status-publish","hentry"],"_links":{"self":[{"href":"https:\/\/saranoel.fr\/index.php\/wp-json\/wp\/v2\/pages\/79","targetHints":{"allow":["GET"]}}],"collection":[{"href":"https:\/\/saranoel.fr\/index.php\/wp-json\/wp\/v2\/pages"}],"about":[{"href":"https:\/\/saranoel.fr\/index.php\/wp-json\/wp\/v2\/types\/page"}],"author":[{"embeddable":true,"href":"https:\/\/saranoel.fr\/index.php\/wp-json\/wp\/v2\/users\/1"}],"replies":[{"embeddable":true,"href":"https:\/\/saranoel.fr\/index.php\/wp-json\/wp\/v2\/comments?post=79"}],"version-history":[{"count":5,"href":"https:\/\/saranoel.fr\/index.php\/wp-json\/wp\/v2\/pages\/79\/revisions"}],"predecessor-version":[{"id":151,"href":"https:\/\/saranoel.fr\/index.php\/wp-json\/wp\/v2\/pages\/79\/revisions\/151"}],"wp:attachment":[{"href":"https:\/\/saranoel.fr\/index.php\/wp-json\/wp\/v2\/media?parent=79"}],"curies":[{"name":"wp","href":"https:\/\/api.w.org\/{rel}","templated":true}]}}